{"id":14,"date":"2026-04-03T13:53:50","date_gmt":"2026-04-03T13:53:50","guid":{"rendered":"https:\/\/denkarlojistik.com\/?page_id=14"},"modified":"2026-04-13T09:03:30","modified_gmt":"2026-04-13T09:03:30","slug":"anasayfa","status":"publish","type":"page","link":"https:\/\/denkarlojistik.com\/","title":{"rendered":"Anasayfa"},"content":{"rendered":"\t\t<div data-elementor-type=\"wp-page\" data-elementor-id=\"14\" class=\"elementor elementor-14\">\n\t\t\t\t<div class=\"elementor-element elementor-element-18f78f5 e-con-full e-flex e-con e-parent\" data-id=\"18f78f5\" data-element_type=\"container\" data-e-type=\"container\">\n\t\t\t\t<div class=\"elementor-element elementor-element-78487d2 elementor-arrows-position-inside elementor-widget elementor-widget-image-carousel\" data-id=\"78487d2\" data-element_type=\"widget\" data-e-type=\"widget\" data-settings=\"{&quot;slides_to_show&quot;:&quot;1&quot;,&quot;navigation&quot;:&quot;arrows&quot;,&quot;autoplay&quot;:&quot;yes&quot;,&quot;pause_on_hover&quot;:&quot;yes&quot;,&quot;pause_on_interaction&quot;:&quot;yes&quot;,&quot;autoplay_speed&quot;:5000,&quot;infinite&quot;:&quot;yes&quot;,&quot;effect&quot;:&quot;slide&quot;,&quot;speed&quot;:500}\" data-widget_type=\"image-carousel.default\">\n\t\t\t\t\t\t\t<div class=\"elementor-image-carousel-wrapper swiper\" role=\"region\" aria-roledescription=\"carousel\" aria-label=\"Image Carousel\" dir=\"ltr\">\n\t\t\t<div class=\"elementor-image-carousel swiper-wrapper\" aria-live=\"off\">\n\t\t\t\t\t\t\t\t<div class=\"swiper-slide\" role=\"group\" aria-roledescription=\"slide\" aria-label=\"1 of 5\"><figure class=\"swiper-slide-inner\"><img decoding=\"async\" class=\"swiper-slide-image\" src=\"https:\/\/denkarlojistik.com\/wp-content\/uploads\/2026\/04\/dnkr-sldr-01.jpg\" alt=\"Aerial view of container cargo ship in sea.\" \/><\/figure><\/div><div class=\"swiper-slide\" role=\"group\" aria-roledescription=\"slide\" aria-label=\"2 of 5\"><figure class=\"swiper-slide-inner\"><img decoding=\"async\" class=\"swiper-slide-image\" src=\"https:\/\/denkarlojistik.com\/wp-content\/uploads\/2026\/04\/dnkr-sldr-02.jpg\" alt=\"Aerial view of container cargo ship in sea.\" \/><\/figure><\/div><div class=\"swiper-slide\" role=\"group\" aria-roledescription=\"slide\" aria-label=\"3 of 5\"><figure class=\"swiper-slide-inner\"><img decoding=\"async\" class=\"swiper-slide-image\" src=\"https:\/\/denkarlojistik.com\/wp-content\/uploads\/2026\/04\/dnkr-sldr-03.jpg\" alt=\"Aerial view of container cargo ship in sea.\" \/><\/figure><\/div><div class=\"swiper-slide\" role=\"group\" aria-roledescription=\"slide\" aria-label=\"4 of 5\"><figure class=\"swiper-slide-inner\"><img decoding=\"async\" class=\"swiper-slide-image\" src=\"https:\/\/denkarlojistik.com\/wp-content\/uploads\/2026\/04\/dnkr-sldr-04.jpg\" alt=\"Aerial view of container cargo ship in sea.\" \/><\/figure><\/div><div class=\"swiper-slide\" role=\"group\" aria-roledescription=\"slide\" aria-label=\"5 of 5\"><figure class=\"swiper-slide-inner\"><img decoding=\"async\" class=\"swiper-slide-image\" src=\"https:\/\/denkarlojistik.com\/wp-content\/uploads\/2026\/04\/dnkr-sldr-05.jpg\" alt=\"Aerial view of container cargo ship in sea.\" \/><\/figure><\/div>\t\t\t<\/div>\n\t\t\t\t\t\t\t\t\t\t\t\t<div class=\"elementor-swiper-button elementor-swiper-button-prev\" role=\"button\" tabindex=\"0\">\n\t\t\t\t\t\t<svg aria-hidden=\"true\" class=\"e-font-icon-svg e-eicon-chevron-left\" viewBox=\"0 0 1000 1000\" xmlns=\"http:\/\/www.w3.org\/2000\/svg\"><path d=\"M646 125C629 125 613 133 604 142L308 442C296 454 292 471 292 487 292 504 296 521 308 533L604 854C617 867 629 875 646 875 663 875 679 871 692 858 704 846 713 829 713 812 713 796 708 779 692 767L438 487 692 225C700 217 708 204 708 187 708 171 704 154 692 142 675 129 663 125 646 125Z\"><\/path><\/svg>\t\t\t\t\t<\/div>\n\t\t\t\t\t<div class=\"elementor-swiper-button elementor-swiper-button-next\" role=\"button\" tabindex=\"0\">\n\t\t\t\t\t\t<svg aria-hidden=\"true\" class=\"e-font-icon-svg e-eicon-chevron-right\" viewBox=\"0 0 1000 1000\" xmlns=\"http:\/\/www.w3.org\/2000\/svg\"><path d=\"M696 533C708 521 713 504 713 487 713 471 708 454 696 446L400 146C388 133 375 125 354 125 338 125 325 129 313 142 300 154 292 171 292 187 292 204 296 221 308 233L563 492 304 771C292 783 288 800 288 817 288 833 296 850 308 863 321 871 338 875 354 875 371 875 388 867 400 854L696 533Z\"><\/path><\/svg>\t\t\t\t\t<\/div>\n\t\t\t\t\n\t\t\t\t\t\t\t\t\t<\/div>\n\t\t\t\t\t\t<\/div>\n\t\t\t\t<\/div>\n\t\t<div class=\"elementor-element elementor-element-2f16165 e-flex e-con-boxed e-con e-parent\" data-id=\"2f16165\" data-element_type=\"container\" data-e-type=\"container\">\n\t\t\t\t\t<div class=\"e-con-inner\">\n\t\t\t\t<div class=\"elementor-element elementor-element-119cd69 elementor-arrows-position-inside elementor-widget elementor-widget-image-carousel\" data-id=\"119cd69\" data-element_type=\"widget\" data-e-type=\"widget\" data-settings=\"{&quot;navigation&quot;:&quot;arrows&quot;,&quot;autoplay&quot;:&quot;yes&quot;,&quot;pause_on_hover&quot;:&quot;yes&quot;,&quot;pause_on_interaction&quot;:&quot;yes&quot;,&quot;autoplay_speed&quot;:5000,&quot;infinite&quot;:&quot;yes&quot;,&quot;speed&quot;:500}\" data-widget_type=\"image-carousel.default\">\n\t\t\t\t\t\t\t<div class=\"elementor-image-carousel-wrapper swiper\" role=\"region\" aria-roledescription=\"carousel\" aria-label=\"Image Carousel\" dir=\"ltr\">\n\t\t\t<div class=\"elementor-image-carousel swiper-wrapper\" aria-live=\"off\">\n\t\t\t\t\t\t\t\t<div class=\"swiper-slide\" role=\"group\" aria-roledescription=\"slide\" aria-label=\"1 of 4\"><figure class=\"swiper-slide-inner\"><img decoding=\"async\" class=\"swiper-slide-image\" src=\"https:\/\/denkarlojistik.com\/wp-content\/uploads\/2026\/04\/Carusel-01.jpg\" alt=\"Carusel-01\" \/><\/figure><\/div><div class=\"swiper-slide\" role=\"group\" aria-roledescription=\"slide\" aria-label=\"2 of 4\"><figure class=\"swiper-slide-inner\"><img decoding=\"async\" class=\"swiper-slide-image\" src=\"https:\/\/denkarlojistik.com\/wp-content\/uploads\/2026\/04\/Carusel-02.jpg\" alt=\"Carusel-02\" \/><\/figure><\/div><div class=\"swiper-slide\" role=\"group\" aria-roledescription=\"slide\" aria-label=\"3 of 4\"><figure class=\"swiper-slide-inner\"><img decoding=\"async\" class=\"swiper-slide-image\" src=\"https:\/\/denkarlojistik.com\/wp-content\/uploads\/2026\/04\/Carusel-03.jpg\" alt=\"Carusel-03\" \/><\/figure><\/div><div class=\"swiper-slide\" role=\"group\" aria-roledescription=\"slide\" aria-label=\"4 of 4\"><figure class=\"swiper-slide-inner\"><img decoding=\"async\" class=\"swiper-slide-image\" src=\"https:\/\/denkarlojistik.com\/wp-content\/uploads\/2026\/04\/Carusel-04.jpg\" alt=\"Carusel-04\" \/><\/figure><\/div>\t\t\t<\/div>\n\t\t\t\t\t\t\t\t\t\t\t\t<div class=\"elementor-swiper-button elementor-swiper-button-prev\" role=\"button\" tabindex=\"0\">\n\t\t\t\t\t\t<svg aria-hidden=\"true\" class=\"e-font-icon-svg e-eicon-chevron-left\" viewBox=\"0 0 1000 1000\" xmlns=\"http:\/\/www.w3.org\/2000\/svg\"><path d=\"M646 125C629 125 613 133 604 142L308 442C296 454 292 471 292 487 292 504 296 521 308 533L604 854C617 867 629 875 646 875 663 875 679 871 692 858 704 846 713 829 713 812 713 796 708 779 692 767L438 487 692 225C700 217 708 204 708 187 708 171 704 154 692 142 675 129 663 125 646 125Z\"><\/path><\/svg>\t\t\t\t\t<\/div>\n\t\t\t\t\t<div class=\"elementor-swiper-button elementor-swiper-button-next\" role=\"button\" tabindex=\"0\">\n\t\t\t\t\t\t<svg aria-hidden=\"true\" class=\"e-font-icon-svg e-eicon-chevron-right\" viewBox=\"0 0 1000 1000\" xmlns=\"http:\/\/www.w3.org\/2000\/svg\"><path d=\"M696 533C708 521 713 504 713 487 713 471 708 454 696 446L400 146C388 133 375 125 354 125 338 125 325 129 313 142 300 154 292 171 292 187 292 204 296 221 308 233L563 492 304 771C292 783 288 800 288 817 288 833 296 850 308 863 321 871 338 875 354 875 371 875 388 867 400 854L696 533Z\"><\/path><\/svg>\t\t\t\t\t<\/div>\n\t\t\t\t\n\t\t\t\t\t\t\t\t\t<\/div>\n\t\t\t\t\t\t<\/div>\n\t\t\t\t\t<\/div>\n\t\t\t\t<\/div>\n\t\t<div class=\"elementor-element elementor-element-7b7be5c e-flex e-con-boxed e-con e-parent\" data-id=\"7b7be5c\" data-element_type=\"container\" data-e-type=\"container\" data-settings=\"{&quot;background_background&quot;:&quot;classic&quot;}\">\n\t\t\t\t\t<div class=\"e-con-inner\">\n\t\t\t\t<div class=\"elementor-element elementor-element-6e1eb91 elementor-widget elementor-widget-heading\" data-id=\"6e1eb91\" data-element_type=\"widget\" data-e-type=\"widget\" data-widget_type=\"heading.default\">\n\t\t\t\t\t<h2 class=\"elementor-heading-title elementor-size-default\">Hakk\u0131m\u0131zda<\/h2>\t\t\t\t<\/div>\n\t\t\t\t\t<\/div>\n\t\t\t\t<\/div>\n\t\t<div class=\"elementor-element elementor-element-8f0590e e-flex e-con-boxed e-con e-parent\" data-id=\"8f0590e\" data-element_type=\"container\" data-e-type=\"container\">\n\t\t\t\t\t<div class=\"e-con-inner\">\n\t\t<div class=\"elementor-element elementor-element-b8ccbb9 e-con-full e-flex e-con e-child\" data-id=\"b8ccbb9\" data-element_type=\"container\" data-e-type=\"container\">\n\t\t\t\t<div class=\"elementor-element elementor-element-48325eb elementor-widget elementor-widget-image\" data-id=\"48325eb\" data-element_type=\"widget\" data-e-type=\"widget\" data-widget_type=\"image.default\">\n\t\t\t\t\t\t\t\t\t\t\t\t\t\t\t<img fetchpriority=\"high\" decoding=\"async\" width=\"378\" height=\"400\" src=\"https:\/\/denkarlojistik.com\/wp-content\/uploads\/2026\/04\/denkar-flag33.jpg\" class=\"attachment-large size-large wp-image-68\" alt=\"\" srcset=\"https:\/\/denkarlojistik.com\/wp-content\/uploads\/2026\/04\/denkar-flag33.jpg 378w, https:\/\/denkarlojistik.com\/wp-content\/uploads\/2026\/04\/denkar-flag33-284x300.jpg 284w\" sizes=\"(max-width: 378px) 100vw, 378px\" \/>\t\t\t\t\t\t\t\t\t\t\t\t\t\t\t<\/div>\n\t\t\t\t<\/div>\n\t\t<div class=\"elementor-element elementor-element-bb88059 e-con-full e-flex e-con e-child\" data-id=\"bb88059\" data-element_type=\"container\" data-e-type=\"container\">\n\t\t\t\t<div class=\"elementor-element elementor-element-3733626 elementor-widget elementor-widget-text-editor\" data-id=\"3733626\" data-element_type=\"widget\" data-e-type=\"widget\" data-widget_type=\"text-editor.default\">\n\t\t\t\t\t\t\t\t\t<p>Denkar Olu\u015fum lojistik olarak kurulu\u015fumuzdan bu g\u00fcne dek ta\u015f\u0131ma sekt\u00f6r\u00fcnde aral\u0131ks\u0131z olarak hizmet vermekteyiz. Denkar Olu\u015fum lojistik firmam\u0131z\u0131n amac\u0131, \u00e7al\u0131\u015fm\u0131\u015f oldu\u011fumuz firmalar\u0131n \u015fehir i\u00e7i ve \u015fehirler aras\u0131 ta\u015f\u0131mac\u0131l\u0131kta iyi bir hizmet verebilmektir.<br \/>Denkar Olu\u015fum lojistik olarak, yurti\u00e7i lojistik sekt\u00f6r\u00fcnde \u00f6ne \u00e7\u0131kan g\u00fcvenilir ta\u015f\u0131mac\u0131l\u0131k hizmeti vermekteyiz. Ta\u015f\u0131ma Hizmetlerimiz komple ve parsiyel ta\u015f\u0131mac\u0131l\u0131k hizmetleri sunarken, \u00f6ncelikle m\u00fc\u015fteri taleplerini anlamak ve her sekt\u00f6re g\u00f6re alternatif \u00e7\u00f6z\u00fcm hizmetleri sa\u011flamaktay\u0131z.<br \/>Ta\u015f\u0131ma Hizmetlerimizde y\u00fcklerin ba\u015flang\u0131\u00e7 noktas\u0131ndan var\u0131\u015f noktas\u0131na kadar zaman\u0131nda ve g\u00fcvenli teslimat yapmaktay\u0131z. Uzman ekibimiz, kapsaml\u0131 ta\u015f\u0131ma s\u00fcre\u00e7lerini sorunsuz bir \u015fekilde neticelendirme ve verimliliklerini art\u0131rmak i\u00e7in \u00e7al\u0131\u015fmaktad\u0131r.<\/p>\t\t\t\t\t\t\t\t<\/div>\n\t\t\t\t<\/div>\n\t\t\t\t\t<\/div>\n\t\t\t\t<\/div>\n\t\t<div class=\"elementor-element elementor-element-a515c8b elementor-hidden-mobile e-flex e-con-boxed e-con e-parent\" data-id=\"a515c8b\" data-element_type=\"container\" data-e-type=\"container\">\n\t\t\t\t\t<div class=\"e-con-inner\">\n\t\t<div class=\"elementor-element elementor-element-58520f9 e-con-full e-flex e-con e-child\" data-id=\"58520f9\" data-element_type=\"container\" data-e-type=\"container\">\n\t\t\t\t<div class=\"elementor-element elementor-element-1cb1d86 elementor-widget elementor-widget-counter\" data-id=\"1cb1d86\" data-element_type=\"widget\" data-e-type=\"widget\" data-widget_type=\"counter.default\">\n\t\t\t\t\t\t\t<div class=\"elementor-counter\">\n\t\t\t<div class=\"elementor-counter-title\">+ \u015eEH\u0130R<\/div>\t\t\t<div class=\"elementor-counter-number-wrapper\">\n\t\t\t\t<span class=\"elementor-counter-number-prefix\"><\/span>\n\t\t\t\t<span class=\"elementor-counter-number\" data-duration=\"3000\" data-to-value=\"81\" data-from-value=\"0\" data-delimiter=\",\">0<\/span>\n\t\t\t\t<span class=\"elementor-counter-number-suffix\"><\/span>\n\t\t\t<\/div>\n\t\t<\/div>\n\t\t\t\t\t\t<\/div>\n\t\t\t\t<\/div>\n\t\t<div class=\"elementor-element elementor-element-5a5cbd6 e-con-full e-flex e-con e-child\" data-id=\"5a5cbd6\" data-element_type=\"container\" data-e-type=\"container\">\n\t\t\t\t<div class=\"elementor-element elementor-element-0b7d869 elementor-widget elementor-widget-counter\" data-id=\"0b7d869\" data-element_type=\"widget\" data-e-type=\"widget\" data-widget_type=\"counter.default\">\n\t\t\t\t\t\t\t<div class=\"elementor-counter\">\n\t\t\t<div class=\"elementor-counter-title\">+ \u0130L\u00c7E<\/div>\t\t\t<div class=\"elementor-counter-number-wrapper\">\n\t\t\t\t<span class=\"elementor-counter-number-prefix\"><\/span>\n\t\t\t\t<span class=\"elementor-counter-number\" data-duration=\"3000\" data-to-value=\"922\" data-from-value=\"0\" data-delimiter=\",\">0<\/span>\n\t\t\t\t<span class=\"elementor-counter-number-suffix\"><\/span>\n\t\t\t<\/div>\n\t\t<\/div>\n\t\t\t\t\t\t<\/div>\n\t\t\t\t<\/div>\n\t\t<div class=\"elementor-element elementor-element-c4bfcf1 e-con-full e-flex e-con e-child\" data-id=\"c4bfcf1\" data-element_type=\"container\" data-e-type=\"container\">\n\t\t\t\t<div class=\"elementor-element elementor-element-507ea7c elementor-widget elementor-widget-counter\" data-id=\"507ea7c\" data-element_type=\"widget\" data-e-type=\"widget\" data-widget_type=\"counter.default\">\n\t\t\t\t\t\t\t<div class=\"elementor-counter\">\n\t\t\t<div class=\"elementor-counter-title\">+ L\u0130MAN<\/div>\t\t\t<div class=\"elementor-counter-number-wrapper\">\n\t\t\t\t<span class=\"elementor-counter-number-prefix\"><\/span>\n\t\t\t\t<span class=\"elementor-counter-number\" data-duration=\"3000\" data-to-value=\"180\" data-from-value=\"0\" data-delimiter=\",\">0<\/span>\n\t\t\t\t<span class=\"elementor-counter-number-suffix\"><\/span>\n\t\t\t<\/div>\n\t\t<\/div>\n\t\t\t\t\t\t<\/div>\n\t\t\t\t<\/div>\n\t\t\t\t\t<\/div>\n\t\t\t\t<\/div>\n\t\t<div class=\"elementor-element elementor-element-9d12f7f e-flex e-con-boxed e-con e-parent\" data-id=\"9d12f7f\" data-element_type=\"container\" data-e-type=\"container\">\n\t\t\t\t\t<div class=\"e-con-inner\">\n\t\t<div class=\"elementor-element elementor-element-327cd78 e-con-full e-flex e-con e-child\" data-id=\"327cd78\" data-element_type=\"container\" data-e-type=\"container\">\n\t\t\t\t<div class=\"elementor-element elementor-element-061fc9c elementor-widget elementor-widget-image\" data-id=\"061fc9c\" data-element_type=\"widget\" data-e-type=\"widget\" data-widget_type=\"image.default\">\n\t\t\t\t\t\t\t\t\t\t\t\t\t\t\t<img decoding=\"async\" width=\"656\" height=\"444\" src=\"https:\/\/denkarlojistik.com\/wp-content\/uploads\/2026\/04\/dnkr.dsgn02.jpg\" class=\"attachment-large size-large wp-image-77\" alt=\"\" srcset=\"https:\/\/denkarlojistik.com\/wp-content\/uploads\/2026\/04\/dnkr.dsgn02.jpg 656w, https:\/\/denkarlojistik.com\/wp-content\/uploads\/2026\/04\/dnkr.dsgn02-300x203.jpg 300w\" sizes=\"(max-width: 656px) 100vw, 656px\" \/>\t\t\t\t\t\t\t\t\t\t\t\t\t\t\t<\/div>\n\t\t\t\t<\/div>\n\t\t<div class=\"elementor-element elementor-element-9121263 e-con-full e-flex e-con e-child\" data-id=\"9121263\" data-element_type=\"container\" data-e-type=\"container\">\n\t\t\t\t<div class=\"elementor-element elementor-element-5e60279 elementor-widget elementor-widget-image\" data-id=\"5e60279\" data-element_type=\"widget\" data-e-type=\"widget\" data-widget_type=\"image.default\">\n\t\t\t\t\t\t\t\t\t\t\t\t\t\t\t<img decoding=\"async\" width=\"656\" height=\"444\" src=\"https:\/\/denkarlojistik.com\/wp-content\/uploads\/2026\/04\/dnkr.dsgn01.jpg\" class=\"attachment-large size-large wp-image-76\" alt=\"\" srcset=\"https:\/\/denkarlojistik.com\/wp-content\/uploads\/2026\/04\/dnkr.dsgn01.jpg 656w, https:\/\/denkarlojistik.com\/wp-content\/uploads\/2026\/04\/dnkr.dsgn01-300x203.jpg 300w\" sizes=\"(max-width: 656px) 100vw, 656px\" \/>\t\t\t\t\t\t\t\t\t\t\t\t\t\t\t<\/div>\n\t\t\t\t<\/div>\n\t\t<div class=\"elementor-element elementor-element-45163d2 e-con-full e-flex e-con e-child\" data-id=\"45163d2\" data-element_type=\"container\" data-e-type=\"container\">\n\t\t\t\t<div class=\"elementor-element elementor-element-d98a606 elementor-widget elementor-widget-image\" data-id=\"d98a606\" data-element_type=\"widget\" data-e-type=\"widget\" data-widget_type=\"image.default\">\n\t\t\t\t\t\t\t\t\t\t\t\t\t\t\t<img loading=\"lazy\" decoding=\"async\" width=\"656\" height=\"444\" src=\"https:\/\/denkarlojistik.com\/wp-content\/uploads\/2026\/04\/dnkr.dsgn05.jpg\" class=\"attachment-large size-large wp-image-80\" alt=\"\" srcset=\"https:\/\/denkarlojistik.com\/wp-content\/uploads\/2026\/04\/dnkr.dsgn05.jpg 656w, https:\/\/denkarlojistik.com\/wp-content\/uploads\/2026\/04\/dnkr.dsgn05-300x203.jpg 300w\" sizes=\"(max-width: 656px) 100vw, 656px\" \/>\t\t\t\t\t\t\t\t\t\t\t\t\t\t\t<\/div>\n\t\t\t\t<\/div>\n\t\t<div class=\"elementor-element elementor-element-88ef2a3 e-con-full e-flex e-con e-child\" data-id=\"88ef2a3\" data-element_type=\"container\" data-e-type=\"container\">\n\t\t\t\t<div class=\"elementor-element elementor-element-f352025 elementor-widget elementor-widget-image\" data-id=\"f352025\" data-element_type=\"widget\" data-e-type=\"widget\" data-widget_type=\"image.default\">\n\t\t\t\t\t\t\t\t\t\t\t\t\t\t\t<img loading=\"lazy\" decoding=\"async\" width=\"656\" height=\"444\" src=\"https:\/\/denkarlojistik.com\/wp-content\/uploads\/2026\/04\/dnkr.dsgn04.jpg\" class=\"attachment-large size-large wp-image-79\" alt=\"\" srcset=\"https:\/\/denkarlojistik.com\/wp-content\/uploads\/2026\/04\/dnkr.dsgn04.jpg 656w, https:\/\/denkarlojistik.com\/wp-content\/uploads\/2026\/04\/dnkr.dsgn04-300x203.jpg 300w\" sizes=\"(max-width: 656px) 100vw, 656px\" \/>\t\t\t\t\t\t\t\t\t\t\t\t\t\t\t<\/div>\n\t\t\t\t<\/div>\n\t\t<div class=\"elementor-element elementor-element-958e51f e-con-full e-flex e-con e-child\" data-id=\"958e51f\" data-element_type=\"container\" data-e-type=\"container\">\n\t\t\t\t<div class=\"elementor-element elementor-element-7bcb2ba elementor-widget elementor-widget-image\" data-id=\"7bcb2ba\" data-element_type=\"widget\" data-e-type=\"widget\" data-widget_type=\"image.default\">\n\t\t\t\t\t\t\t\t\t\t\t\t\t\t\t<img loading=\"lazy\" decoding=\"async\" width=\"656\" height=\"444\" src=\"https:\/\/denkarlojistik.com\/wp-content\/uploads\/2026\/04\/dnkr.dsgn03.jpg\" class=\"attachment-large size-large wp-image-78\" alt=\"\" srcset=\"https:\/\/denkarlojistik.com\/wp-content\/uploads\/2026\/04\/dnkr.dsgn03.jpg 656w, https:\/\/denkarlojistik.com\/wp-content\/uploads\/2026\/04\/dnkr.dsgn03-300x203.jpg 300w\" sizes=\"(max-width: 656px) 100vw, 656px\" \/>\t\t\t\t\t\t\t\t\t\t\t\t\t\t\t<\/div>\n\t\t\t\t<\/div>\n\t\t<div class=\"elementor-element elementor-element-2fc6faf e-con-full e-flex e-con e-child\" data-id=\"2fc6faf\" data-element_type=\"container\" data-e-type=\"container\">\n\t\t\t\t<div class=\"elementor-element elementor-element-d4242c5 elementor-widget elementor-widget-image\" data-id=\"d4242c5\" data-element_type=\"widget\" data-e-type=\"widget\" data-widget_type=\"image.default\">\n\t\t\t\t\t\t\t\t\t\t\t\t\t\t\t<img loading=\"lazy\" decoding=\"async\" width=\"656\" height=\"444\" src=\"https:\/\/denkarlojistik.com\/wp-content\/uploads\/2026\/04\/dnkr.dsgn06.jpg\" class=\"attachment-large size-large wp-image-81\" alt=\"\" srcset=\"https:\/\/denkarlojistik.com\/wp-content\/uploads\/2026\/04\/dnkr.dsgn06.jpg 656w, https:\/\/denkarlojistik.com\/wp-content\/uploads\/2026\/04\/dnkr.dsgn06-300x203.jpg 300w\" sizes=\"(max-width: 656px) 100vw, 656px\" \/>\t\t\t\t\t\t\t\t\t\t\t\t\t\t\t<\/div>\n\t\t\t\t<\/div>\n\t\t\t\t\t<\/div>\n\t\t\t\t<\/div>\n\t\t<div class=\"elementor-element elementor-element-75a6021 e-flex e-con-boxed e-con e-parent\" data-id=\"75a6021\" data-element_type=\"container\" data-e-type=\"container\">\n\t\t\t\t\t<div class=\"e-con-inner\">\n\t\t\t\t<div class=\"elementor-element elementor-element-40c934e elementor-widget elementor-widget-google_maps\" data-id=\"40c934e\" data-element_type=\"widget\" data-e-type=\"widget\" data-widget_type=\"google_maps.default\">\n\t\t\t\t\t\t\t<div class=\"elementor-custom-embed\">\n\t\t\t<iframe loading=\"lazy\"\n\t\t\t\t\tsrc=\"https:\/\/maps.google.com\/maps?q=Adnan%20Menderes%2C%20Adnan%20Kahveci%20Cd.%2C%2033020%20Akdeniz%2FMersin&#038;t=m&#038;z=16&#038;output=embed&#038;iwloc=near\"\n\t\t\t\t\ttitle=\"Adnan Menderes, Adnan Kahveci Cd., 33020 Akdeniz\/Mersin\"\n\t\t\t\t\taria-label=\"Adnan Menderes, Adnan Kahveci Cd., 33020 Akdeniz\/Mersin\"\n\t\t\t><\/iframe>\n\t\t<\/div>\n\t\t\t\t\t\t<\/div>\n\t\t\t\t\t<\/div>\n\t\t\t\t<\/div>\n\t\t<div class=\"elementor-element elementor-element-0fea476 e-flex e-con-boxed e-con e-parent\" data-id=\"0fea476\" data-element_type=\"container\" data-e-type=\"container\" data-settings=\"{&quot;background_background&quot;:&quot;classic&quot;}\">\n\t\t\t\t\t<div class=\"e-con-inner\">\n\t\t<div class=\"elementor-element elementor-element-5ea7493 e-con-full e-flex e-con e-child\" data-id=\"5ea7493\" data-element_type=\"container\" data-e-type=\"container\">\n\t\t\t\t<div class=\"elementor-element elementor-element-fda6345 elementor-widget elementor-widget-text-editor\" data-id=\"fda6345\" data-element_type=\"widget\" data-e-type=\"widget\" data-widget_type=\"text-editor.default\">\n\t\t\t\t\t\t\t\t\t<p><a href=\"https:\/\/denkarlojistik.com\/?preview_id=14\"><img loading=\"lazy\" decoding=\"async\" class=\"alignnone size-medium wp-image-21\" src=\"https:\/\/denkarlojistik.com\/wp-content\/uploads\/2026\/04\/Denkar-LG-300x67.png\" alt=\"\" width=\"300\" height=\"67\" srcset=\"https:\/\/denkarlojistik.com\/wp-content\/uploads\/2026\/04\/Denkar-LG-300x67.png 300w, https:\/\/denkarlojistik.com\/wp-content\/uploads\/2026\/04\/Denkar-LG-768x171.png 768w, https:\/\/denkarlojistik.com\/wp-content\/uploads\/2026\/04\/Denkar-LG.png 773w\" sizes=\"(max-width: 300px) 100vw, 300px\" \/><\/a><\/p><p><img loading=\"lazy\" decoding=\"async\" class=\"alignnone size-full wp-image-100\" src=\"https:\/\/denkarlojistik.com\/wp-content\/uploads\/2026\/04\/konum36.png\" alt=\"\" width=\"12\" height=\"16\" \/> Adnan Kahveci Caddesi No:5 Adnan Menderes Mah. Akdeniz \/ Mersin<\/p><p><img loading=\"lazy\" decoding=\"async\" class=\"alignnone size-full wp-image-101\" src=\"https:\/\/denkarlojistik.com\/wp-content\/uploads\/2026\/04\/email1.png\" alt=\"\" width=\"18\" height=\"11\" \/>\u00a0info@denkarlojistik.com<\/p>\t\t\t\t\t\t\t\t<\/div>\n\t\t\t\t<\/div>\n\t\t<div class=\"elementor-element elementor-element-e3b0b11 e-con-full e-flex e-con e-child\" data-id=\"e3b0b11\" data-element_type=\"container\" data-e-type=\"container\">\n\t\t\t\t<div class=\"elementor-element elementor-element-fe6d87c elementor-widget elementor-widget-text-editor\" data-id=\"fe6d87c\" data-element_type=\"widget\" data-e-type=\"widget\" data-widget_type=\"text-editor.default\">\n\t\t\t\t\t\t\t\t\t<p><a href=\"https:\/\/denkarlojistik.com\/\">Anasyfa<\/a><\/p><p><a href=\"https:\/\/denkarlojistik.com\/index.php\/hakkimizda\/?preview_id=26\">Hakk\u0131m\u0131zda<\/a><\/p><p><a href=\"https:\/\/denkarlojistik.com\/index.php\/hizmetlerimiz\/?preview_id=30\">Hizmetlerimiz<\/a><\/p><p>Referanslar<\/p><p><a href=\"https:\/\/denkarlojistik.com\/index.php\/iletisim\/?preview_id=145\">\u0130leti\u015fim<\/a><\/p>\t\t\t\t\t\t\t\t<\/div>\n\t\t\t\t<\/div>\n\t\t<div class=\"elementor-element elementor-element-ed55fea e-con-full e-flex e-con e-child\" data-id=\"ed55fea\" data-element_type=\"container\" data-e-type=\"container\">\n\t\t\t\t<div class=\"elementor-element elementor-element-031170f elementor-widget elementor-widget-text-editor\" data-id=\"031170f\" data-element_type=\"widget\" data-e-type=\"widget\" data-widget_type=\"text-editor.default\">\n\t\t\t\t\t\t\t\t\t<p><img loading=\"lazy\" decoding=\"async\" class=\"alignnone size-medium wp-image-111\" src=\"https:\/\/denkarlojistik.com\/wp-content\/uploads\/2026\/04\/fcb33.png\" alt=\"\" width=\"35\" height=\"30\" \/>\u00a0 \u00a0 \u00a0 \u00a0<img loading=\"lazy\" decoding=\"async\" class=\"alignnone size-medium wp-image-112\" src=\"https:\/\/denkarlojistik.com\/wp-content\/uploads\/2026\/04\/inst33.png\" alt=\"\" width=\"35\" height=\"30\" \/>\u00a0 \u00a0 \u00a0 \u00a0 <img loading=\"lazy\" decoding=\"async\" class=\"alignnone size-medium wp-image-113\" src=\"https:\/\/denkarlojistik.com\/wp-content\/uploads\/2026\/04\/xx33.png\" alt=\"\" width=\"35\" height=\"30\" \/>\u00a0 \u00a0 \u00a0 \u00a0<a href=\"https:\/\/api.whatsapp.com\/send?phone=905442676735\"><img loading=\"lazy\" decoding=\"async\" class=\"alignnone size-full wp-image-402\" src=\"https:\/\/denkarlojistik.com\/wp-content\/uploads\/2026\/04\/wtsp33.png\" alt=\"\" width=\"35\" height=\"30\" \/><\/a><\/p>\t\t\t\t\t\t\t\t<\/div>\n\t\t\t\t<\/div>\n\t\t\t\t\t<\/div>\n\t\t\t\t<\/div>\n\t\t\t\t<\/div>\n\t\t","protected":false},"excerpt":{"rendered":"<p>Hakk\u0131m\u0131zda Denkar Olu\u015fum lojistik olarak kurulu\u015fumuzdan bu g\u00fcne dek ta\u015f\u0131ma sekt\u00f6r\u00fcnde aral\u0131ks\u0131z olarak hizmet vermekteyiz. Denkar Olu\u015fum lojistik firmam\u0131z\u0131n amac\u0131, \u00e7al\u0131\u015fm\u0131\u015f oldu\u011fumuz firmalar\u0131n \u015fehir i\u00e7i ve \u015fehirler aras\u0131 ta\u015f\u0131mac\u0131l\u0131kta iyi bir hizmet verebilmektir.Denkar Olu\u015fum lojistik olarak, yurti\u00e7i lojistik sekt\u00f6r\u00fcnde \u00f6ne \u00e7\u0131kan g\u00fcvenilir ta\u015f\u0131mac\u0131l\u0131k hizmeti vermekteyiz. Ta\u015f\u0131ma Hizmetlerimiz komple ve parsiyel ta\u015f\u0131mac\u0131l\u0131k hizmetleri sunarken, \u00f6ncelikle m\u00fc\u015fteri [&hellip;]<\/p>\n","protected":false},"author":1,"featured_media":0,"parent":0,"menu_order":0,"comment_status":"closed","ping_status":"closed","template":"elementor_header_footer","meta":{"footnotes":""},"class_list":["post-14","page","type-page","status-publish","hentry"],"_links":{"self":[{"href":"https:\/\/denkarlojistik.com\/index.php\/wp-json\/wp\/v2\/pages\/14","targetHints":{"allow":["GET"]}}],"collection":[{"href":"https:\/\/denkarlojistik.com\/index.php\/wp-json\/wp\/v2\/pages"}],"about":[{"href":"https:\/\/denkarlojistik.com\/index.php\/wp-json\/wp\/v2\/types\/page"}],"author":[{"embeddable":true,"href":"https:\/\/denkarlojistik.com\/index.php\/wp-json\/wp\/v2\/users\/1"}],"replies":[{"embeddable":true,"href":"https:\/\/denkarlojistik.com\/index.php\/wp-json\/wp\/v2\/comments?post=14"}],"version-history":[{"count":142,"href":"https:\/\/denkarlojistik.com\/index.php\/wp-json\/wp\/v2\/pages\/14\/revisions"}],"predecessor-version":[{"id":417,"href":"https:\/\/denkarlojistik.com\/index.php\/wp-json\/wp\/v2\/pages\/14\/revisions\/417"}],"wp:attachment":[{"href":"https:\/\/denkarlojistik.com\/index.php\/wp-json\/wp\/v2\/media?parent=14"}],"curies":[{"name":"wp","href":"https:\/\/api.w.org\/{rel}","templated":true}]}}