{"id":145,"date":"2026-04-04T09:22:49","date_gmt":"2026-04-04T09:22:49","guid":{"rendered":"https:\/\/denkarlojistik.com\/?page_id=145"},"modified":"2026-04-13T09:04:51","modified_gmt":"2026-04-13T09:04:51","slug":"iletisim","status":"publish","type":"page","link":"https:\/\/denkarlojistik.com\/index.php\/iletisim\/","title":{"rendered":"\u0130leti\u015fim"},"content":{"rendered":"\t\t<div data-elementor-type=\"wp-page\" data-elementor-id=\"145\" class=\"elementor elementor-145\">\n\t\t\t\t<div class=\"elementor-element elementor-element-7bdc77d0 e-flex e-con-boxed e-con e-parent\" data-id=\"7bdc77d0\" data-element_type=\"container\" data-e-type=\"container\" data-settings=\"{&quot;background_background&quot;:&quot;classic&quot;}\">\n\t\t\t\t\t<div class=\"e-con-inner\">\n\t\t\t\t<div class=\"elementor-element elementor-element-50e6543a elementor-widget elementor-widget-heading\" data-id=\"50e6543a\" data-element_type=\"widget\" data-e-type=\"widget\" data-widget_type=\"heading.default\">\n\t\t\t\t\t<h2 class=\"elementor-heading-title elementor-size-default\">\u0130leti\u015fim<\/h2>\t\t\t\t<\/div>\n\t\t\t\t\t<\/div>\n\t\t\t\t<\/div>\n\t\t<div class=\"elementor-element elementor-element-9be14e4 e-flex e-con-boxed e-con e-parent\" data-id=\"9be14e4\" data-element_type=\"container\" data-e-type=\"container\">\n\t\t\t\t\t<div class=\"e-con-inner\">\n\t\t<div class=\"elementor-element elementor-element-51c5d67 e-con-full e-flex e-con e-child\" data-id=\"51c5d67\" data-element_type=\"container\" data-e-type=\"container\">\n\t\t\t\t<div class=\"elementor-element elementor-element-8a5c054 elementor-widget elementor-widget-text-editor\" data-id=\"8a5c054\" data-element_type=\"widget\" data-e-type=\"widget\" data-widget_type=\"text-editor.default\">\n\t\t\t\t\t\t\t\t\t<p><img decoding=\"async\" class=\"alignnone size-full wp-image-164\" src=\"https:\/\/denkarlojistik.com\/wp-content\/uploads\/2026\/04\/map33.png\" alt=\"\" width=\"12\" height=\"15\" \/>\u00a0 Adnan Kahveci Caddesi No:5 Adnan Menderes Mah. Akdeniz \/ Mersin<\/p><p><img decoding=\"async\" class=\"alignnone size-full wp-image-166\" src=\"https:\/\/denkarlojistik.com\/wp-content\/uploads\/2026\/04\/emair33.png\" alt=\"\" width=\"21\" height=\"13\" \/>\u00a0 info@denkarlojistik.com<\/p><p><img decoding=\"async\" class=\"alignnone size-full wp-image-171\" src=\"https:\/\/denkarlojistik.com\/wp-content\/uploads\/2026\/04\/Phon33.png\" alt=\"\" width=\"12\" height=\"15\" \/> +90 544 267 67 35<\/p>\t\t\t\t\t\t\t\t<\/div>\n\t\t\t\t<\/div>\n\t\t<div class=\"elementor-element elementor-element-d2c8420 e-con-full e-flex e-con e-child\" data-id=\"d2c8420\" data-element_type=\"container\" data-e-type=\"container\">\n\t\t\t\t<div class=\"elementor-element elementor-element-fb7cad1 elementor-widget elementor-widget-text-editor\" data-id=\"fb7cad1\" data-element_type=\"widget\" data-e-type=\"widget\" data-widget_type=\"text-editor.default\">\n\t\t\t\t\t\t\t\t\t<p><a href=\"https:\/\/api.whatsapp.com\/send?phone=905442676735\"><img loading=\"lazy\" decoding=\"async\" class=\"alignnone size-medium wp-image-395\" src=\"https:\/\/denkarlojistik.com\/wp-content\/uploads\/2026\/04\/whatsapp5-300x66.png\" alt=\"\" width=\"300\" height=\"66\" srcset=\"https:\/\/denkarlojistik.com\/wp-content\/uploads\/2026\/04\/whatsapp5-300x66.png 300w, https:\/\/denkarlojistik.com\/wp-content\/uploads\/2026\/04\/whatsapp5.png 324w\" sizes=\"(max-width: 300px) 100vw, 300px\" \/><\/a><\/p>\t\t\t\t\t\t\t\t<\/div>\n\t\t\t\t<\/div>\n\t\t\t\t\t<\/div>\n\t\t\t\t<\/div>\n\t\t<div class=\"elementor-element elementor-element-5f3458e9 e-flex e-con-boxed e-con e-parent\" data-id=\"5f3458e9\" data-element_type=\"container\" data-e-type=\"container\">\n\t\t\t\t\t<div class=\"e-con-inner\">\n\t\t\t\t<div class=\"elementor-element elementor-element-416a11ec elementor-widget elementor-widget-google_maps\" data-id=\"416a11ec\" data-element_type=\"widget\" data-e-type=\"widget\" data-widget_type=\"google_maps.default\">\n\t\t\t\t\t\t\t<div class=\"elementor-custom-embed\">\n\t\t\t<iframe loading=\"lazy\"\n\t\t\t\t\tsrc=\"https:\/\/maps.google.com\/maps?q=Adnan%20Menderes%2C%20Adnan%20Kahveci%20Cd.%2C%2033020%20Akdeniz%2FMersin&#038;t=m&#038;z=16&#038;output=embed&#038;iwloc=near\"\n\t\t\t\t\ttitle=\"Adnan Menderes, Adnan Kahveci Cd., 33020 Akdeniz\/Mersin\"\n\t\t\t\t\taria-label=\"Adnan Menderes, Adnan Kahveci Cd., 33020 Akdeniz\/Mersin\"\n\t\t\t><\/iframe>\n\t\t<\/div>\n\t\t\t\t\t\t<\/div>\n\t\t\t\t\t<\/div>\n\t\t\t\t<\/div>\n\t\t<div class=\"elementor-element elementor-element-3b494c52 e-flex e-con-boxed e-con e-parent\" data-id=\"3b494c52\" data-element_type=\"container\" data-e-type=\"container\" data-settings=\"{&quot;background_background&quot;:&quot;classic&quot;}\">\n\t\t\t\t\t<div class=\"e-con-inner\">\n\t\t<div class=\"elementor-element elementor-element-50a0109a e-con-full e-flex e-con e-child\" data-id=\"50a0109a\" data-element_type=\"container\" data-e-type=\"container\">\n\t\t\t\t<div class=\"elementor-element elementor-element-12dfebf9 elementor-widget elementor-widget-text-editor\" data-id=\"12dfebf9\" data-element_type=\"widget\" data-e-type=\"widget\" data-widget_type=\"text-editor.default\">\n\t\t\t\t\t\t\t\t\t<p><a href=\"https:\/\/denkarlojistik.com\/?preview_id=14\"><img loading=\"lazy\" decoding=\"async\" class=\"alignnone size-medium wp-image-21\" src=\"https:\/\/denkarlojistik.com\/wp-content\/uploads\/2026\/04\/Denkar-LG-300x67.png\" alt=\"\" width=\"300\" height=\"67\" srcset=\"https:\/\/denkarlojistik.com\/wp-content\/uploads\/2026\/04\/Denkar-LG-300x67.png 300w, https:\/\/denkarlojistik.com\/wp-content\/uploads\/2026\/04\/Denkar-LG-768x171.png 768w, https:\/\/denkarlojistik.com\/wp-content\/uploads\/2026\/04\/Denkar-LG.png 773w\" sizes=\"(max-width: 300px) 100vw, 300px\" \/><\/a><\/p><p><img loading=\"lazy\" decoding=\"async\" class=\"alignnone size-full wp-image-100\" src=\"https:\/\/denkarlojistik.com\/wp-content\/uploads\/2026\/04\/konum36.png\" alt=\"\" width=\"12\" height=\"16\" \/> Adnan Kahveci Caddesi No:5 Adnan Menderes Mah. Akdeniz \/ Mersin<\/p><p><img loading=\"lazy\" decoding=\"async\" class=\"alignnone size-full wp-image-101\" src=\"https:\/\/denkarlojistik.com\/wp-content\/uploads\/2026\/04\/email1.png\" alt=\"\" width=\"18\" height=\"11\" \/>\u00a0info@denkarlojistik.com<\/p>\t\t\t\t\t\t\t\t<\/div>\n\t\t\t\t<\/div>\n\t\t<div class=\"elementor-element elementor-element-2c95fe9a e-con-full e-flex e-con e-child\" data-id=\"2c95fe9a\" data-element_type=\"container\" data-e-type=\"container\">\n\t\t\t\t<div class=\"elementor-element elementor-element-1cb5b7f elementor-widget elementor-widget-text-editor\" data-id=\"1cb5b7f\" data-element_type=\"widget\" data-e-type=\"widget\" data-widget_type=\"text-editor.default\">\n\t\t\t\t\t\t\t\t\t<p><a href=\"https:\/\/denkarlojistik.com\/\">Anasyfa<\/a><\/p><p><a href=\"https:\/\/denkarlojistik.com\/index.php\/hakkimizda\/?preview_id=26\">Hakk\u0131m\u0131zda<\/a><\/p><p><a href=\"https:\/\/denkarlojistik.com\/index.php\/hizmetlerimiz\/?preview_id=30\">Hizmetlerimiz<\/a><\/p><p>Referanslar<\/p><p><a href=\"https:\/\/denkarlojistik.com\/index.php\/iletisim\/?preview_id=145\">\u0130leti\u015fim<\/a><\/p>\t\t\t\t\t\t\t\t<\/div>\n\t\t\t\t<\/div>\n\t\t<div class=\"elementor-element elementor-element-2f2e19cb e-con-full e-flex e-con e-child\" data-id=\"2f2e19cb\" data-element_type=\"container\" data-e-type=\"container\">\n\t\t\t\t<div class=\"elementor-element elementor-element-db4be7a elementor-widget elementor-widget-text-editor\" data-id=\"db4be7a\" data-element_type=\"widget\" data-e-type=\"widget\" data-widget_type=\"text-editor.default\">\n\t\t\t\t\t\t\t\t\t<p><img loading=\"lazy\" decoding=\"async\" class=\"alignnone size-medium wp-image-111\" src=\"https:\/\/denkarlojistik.com\/wp-content\/uploads\/2026\/04\/fcb33.png\" alt=\"\" width=\"35\" height=\"30\" \/>\u00a0 \u00a0 \u00a0 \u00a0<img loading=\"lazy\" decoding=\"async\" class=\"alignnone size-medium wp-image-112\" src=\"https:\/\/denkarlojistik.com\/wp-content\/uploads\/2026\/04\/inst33.png\" alt=\"\" width=\"35\" height=\"30\" \/>\u00a0 \u00a0 \u00a0 \u00a0 <img loading=\"lazy\" decoding=\"async\" class=\"alignnone size-medium wp-image-113\" src=\"https:\/\/denkarlojistik.com\/wp-content\/uploads\/2026\/04\/xx33.png\" alt=\"\" width=\"35\" height=\"30\" \/>\u00a0 \u00a0 \u00a0 \u00a0<a href=\"https:\/\/api.whatsapp.com\/send?phone=905442676735\"><img loading=\"lazy\" decoding=\"async\" class=\"alignnone size-full wp-image-402\" src=\"https:\/\/denkarlojistik.com\/wp-content\/uploads\/2026\/04\/wtsp33.png\" alt=\"\" width=\"35\" height=\"30\" \/><\/a><\/p>\t\t\t\t\t\t\t\t<\/div>\n\t\t\t\t<\/div>\n\t\t\t\t\t<\/div>\n\t\t\t\t<\/div>\n\t\t\t\t<\/div>\n\t\t","protected":false},"excerpt":{"rendered":"<p>\u0130leti\u015fim \u00a0 Adnan Kahveci Caddesi No:5 Adnan Menderes Mah. Akdeniz \/ Mersin \u00a0 info@denkarlojistik.com +90 544 267 67 35 Adnan Kahveci Caddesi No:5 Adnan Menderes Mah. Akdeniz \/ Mersin \u00a0info@denkarlojistik.com Anasyfa Hakk\u0131m\u0131zda Hizmetlerimiz Referanslar \u0130leti\u015fim \u00a0 \u00a0 \u00a0 \u00a0\u00a0 \u00a0 \u00a0 \u00a0 \u00a0 \u00a0 \u00a0 \u00a0<\/p>\n","protected":false},"author":1,"featured_media":0,"parent":0,"menu_order":0,"comment_status":"closed","ping_status":"closed","template":"elementor_header_footer","meta":{"footnotes":""},"class_list":["post-145","page","type-page","status-publish","hentry"],"_links":{"self":[{"href":"https:\/\/denkarlojistik.com\/index.php\/wp-json\/wp\/v2\/pages\/145","targetHints":{"allow":["GET"]}}],"collection":[{"href":"https:\/\/denkarlojistik.com\/index.php\/wp-json\/wp\/v2\/pages"}],"about":[{"href":"https:\/\/denkarlojistik.com\/index.php\/wp-json\/wp\/v2\/types\/page"}],"author":[{"embeddable":true,"href":"https:\/\/denkarlojistik.com\/index.php\/wp-json\/wp\/v2\/users\/1"}],"replies":[{"embeddable":true,"href":"https:\/\/denkarlojistik.com\/index.php\/wp-json\/wp\/v2\/comments?post=145"}],"version-history":[{"count":85,"href":"https:\/\/denkarlojistik.com\/index.php\/wp-json\/wp\/v2\/pages\/145\/revisions"}],"predecessor-version":[{"id":420,"href":"https:\/\/denkarlojistik.com\/index.php\/wp-json\/wp\/v2\/pages\/145\/revisions\/420"}],"wp:attachment":[{"href":"https:\/\/denkarlojistik.com\/index.php\/wp-json\/wp\/v2\/media?parent=145"}],"curies":[{"name":"wp","href":"https:\/\/api.w.org\/{rel}","templated":true}]}}