{"id":30,"date":"2026-04-04T07:37:47","date_gmt":"2026-04-04T07:37:47","guid":{"rendered":"https:\/\/denkarlojistik.com\/?page_id=30"},"modified":"2026-04-13T09:07:46","modified_gmt":"2026-04-13T09:07:46","slug":"hizmetlerimiz","status":"publish","type":"page","link":"https:\/\/denkarlojistik.com\/index.php\/hizmetlerimiz\/","title":{"rendered":"Hizmetlerimiz"},"content":{"rendered":"\t\t<div data-elementor-type=\"wp-page\" data-elementor-id=\"30\" class=\"elementor elementor-30\">\n\t\t\t\t<div class=\"elementor-element elementor-element-2c7dc5b4 e-flex e-con-boxed e-con e-parent\" data-id=\"2c7dc5b4\" data-element_type=\"container\" data-e-type=\"container\" data-settings=\"{&quot;background_background&quot;:&quot;classic&quot;}\">\n\t\t\t\t\t<div class=\"e-con-inner\">\n\t\t\t\t<div class=\"elementor-element elementor-element-89046c4 elementor-widget elementor-widget-heading\" data-id=\"89046c4\" data-element_type=\"widget\" data-e-type=\"widget\" data-widget_type=\"heading.default\">\n\t\t\t\t\t<h2 class=\"elementor-heading-title elementor-size-default\">Hizmetlerimiz<\/h2>\t\t\t\t<\/div>\n\t\t\t\t\t<\/div>\n\t\t\t\t<\/div>\n\t\t<div class=\"elementor-element elementor-element-a8d0e80 e-flex e-con-boxed e-con e-parent\" data-id=\"a8d0e80\" data-element_type=\"container\" data-e-type=\"container\">\n\t\t\t\t\t<div class=\"e-con-inner\">\n\t\t<div class=\"elementor-element elementor-element-fce0195 e-con-full e-flex e-con e-child\" data-id=\"fce0195\" data-element_type=\"container\" data-e-type=\"container\">\n\t\t\t\t<div class=\"elementor-element elementor-element-662db27 elementor-widget elementor-widget-image\" data-id=\"662db27\" data-element_type=\"widget\" data-e-type=\"widget\" data-widget_type=\"image.default\">\n\t\t\t\t\t\t\t\t\t\t\t\t\t\t\t<img fetchpriority=\"high\" decoding=\"async\" width=\"800\" height=\"631\" src=\"https:\/\/denkarlojistik.com\/wp-content\/uploads\/2026\/04\/Yurtici2.jpg\" class=\"attachment-large size-large wp-image-287\" alt=\"\" srcset=\"https:\/\/denkarlojistik.com\/wp-content\/uploads\/2026\/04\/Yurtici2.jpg 931w, https:\/\/denkarlojistik.com\/wp-content\/uploads\/2026\/04\/Yurtici2-300x237.jpg 300w, https:\/\/denkarlojistik.com\/wp-content\/uploads\/2026\/04\/Yurtici2-768x605.jpg 768w\" sizes=\"(max-width: 800px) 100vw, 800px\" \/>\t\t\t\t\t\t\t\t\t\t\t\t\t\t\t<\/div>\n\t\t\t\t<\/div>\n\t\t<div class=\"elementor-element elementor-element-3e3cafc e-con-full e-flex e-con e-child\" data-id=\"3e3cafc\" data-element_type=\"container\" data-e-type=\"container\">\n\t\t\t\t<div class=\"elementor-element elementor-element-12889b9 elementor-widget elementor-widget-text-editor\" data-id=\"12889b9\" data-element_type=\"widget\" data-e-type=\"widget\" data-widget_type=\"text-editor.default\">\n\t\t\t\t\t\t\t\t\t<h4 class=\"elementor-heading-title elementor-size-default\">Yurt \u0130\u00e7i Nakliye Hizmetleri<\/h4><p>Yurti\u00e7i Ta\u015f\u0131mac\u0131l\u0131k Hizmetleri her alan\u0131nda ba\u015far\u0131l\u0131 bir \u015fekilde faaliyetlerini s\u00fcrd\u00fcren Denkar Lojistik Olu\u015fum, m\u00fc\u015fteri istek ve taleplerine yak\u0131n ve uzak mesafelere en iyi \u015fekilde hizmet vermek i\u00e7in uzman ekibi ile \u00e7al\u0131\u015fmalar\u0131n\u0131 s\u00fcrd\u00fcr\u00fcyor. M\u00fc\u015fterilerin talep etti\u011fi noktadan y\u00fckler al\u0131narak, al\u0131c\u0131 noktalar\u0131na g\u00fcvenli bir \u015fekilde ula\u015ft\u0131r\u0131lmas\u0131 sa\u011flan\u0131r. \u00dclke s\u0131n\u0131rlar\u0131 i\u00e7erisinde ta\u015f\u0131nmas\u0131 gereken y\u00fcklerin, ta\u015f\u0131ma faaliyetleri en iyi \u015fekilde ger\u00e7ekle\u015ftirilir. T\u00fcm yurti\u00e7i uzak yak\u0131n noktalara nakliye s\u00fcreci firmam\u0131z taraf\u0131ndan titizlikle takip edilerek, tam zaman\u0131nda sorunsuz bir \u015fekilde teslimat sa\u011flan\u0131r.<\/p><p>Yurti\u00e7i nakliye faaliyetleri m\u00fc\u015fteri istek ve taleplerine g\u00f6re, firmam\u0131z en uygun nakliye \u00e7\u00f6z\u00fcm\u00fcn\u00fc sunar. Nakliye s\u00fcre\u00e7lerini ba\u015flang\u0131\u00e7tan biti\u015f noktas\u0131na kadar ger\u00e7ekle\u015fen s\u00fcreci yak\u0131ndan takip ediyoruz. Y\u00fcklerin g\u00fcvenli olarak kap\u0131dan al\u0131n\u0131p kap\u0131ya teslimat avantaj\u0131 da m\u00fc\u015fterilere sunuluyor. Her t\u00fcrl\u00fc y\u00fcklerin yurti\u00e7i nakliyesi, firmam\u0131z taraf\u0131ndan h\u0131zl\u0131 ve g\u00fcvenli bir \u015fekilde hizmet vermektedir.<\/p>\t\t\t\t\t\t\t\t<\/div>\n\t\t\t\t<\/div>\n\t\t\t\t\t<\/div>\n\t\t\t\t<\/div>\n\t\t<div class=\"elementor-element elementor-element-1b34f0da e-flex e-con-boxed e-con e-parent\" data-id=\"1b34f0da\" data-element_type=\"container\" data-e-type=\"container\">\n\t\t\t\t\t<div class=\"e-con-inner\">\n\t\t<div class=\"elementor-element elementor-element-6fa76cf8 e-con-full e-flex e-con e-child\" data-id=\"6fa76cf8\" data-element_type=\"container\" data-e-type=\"container\">\n\t\t\t\t<div class=\"elementor-element elementor-element-3560e62 elementor-widget elementor-widget-image\" data-id=\"3560e62\" data-element_type=\"widget\" data-e-type=\"widget\" data-widget_type=\"image.default\">\n\t\t\t\t\t\t\t\t\t\t\t\t\t\t\t<img decoding=\"async\" width=\"800\" height=\"676\" src=\"https:\/\/denkarlojistik.com\/wp-content\/uploads\/2026\/04\/Container-1024x865.jpg\" class=\"attachment-large size-large wp-image-291\" alt=\"\" srcset=\"https:\/\/denkarlojistik.com\/wp-content\/uploads\/2026\/04\/Container-1024x865.jpg 1024w, https:\/\/denkarlojistik.com\/wp-content\/uploads\/2026\/04\/Container-300x254.jpg 300w, https:\/\/denkarlojistik.com\/wp-content\/uploads\/2026\/04\/Container-768x649.jpg 768w, https:\/\/denkarlojistik.com\/wp-content\/uploads\/2026\/04\/Container.jpg 1278w\" sizes=\"(max-width: 800px) 100vw, 800px\" \/>\t\t\t\t\t\t\t\t\t\t\t\t\t\t\t<\/div>\n\t\t\t\t<\/div>\n\t\t<div class=\"elementor-element elementor-element-3b1a1d4a e-con-full e-flex e-con e-child\" data-id=\"3b1a1d4a\" data-element_type=\"container\" data-e-type=\"container\">\n\t\t\t\t<div class=\"elementor-element elementor-element-1af6c8a elementor-widget elementor-widget-text-editor\" data-id=\"1af6c8a\" data-element_type=\"widget\" data-e-type=\"widget\" data-widget_type=\"text-editor.default\">\n\t\t\t\t\t\t\t\t\t<h4 class=\"elementor-heading-title elementor-size-default\">Konteyner Ta\u015f\u0131mac\u0131l\u0131\u011f\u0131<\/h4><p>Mersin liman\u0131na gelen ve giden gemilerdeki konteyn\u0131rler\u0131n kara ta\u015f\u0131mac\u0131l\u0131\u011f\u0131, mersin liman nakliye hizmeti yo\u011fun bir \u015fekilde devam etmekte.<br \/>Denkar Lojistik Olu\u015fum olarak konteyn\u0131rlardaki, \u00e7e\u015fitli y\u00fckleri g\u00fcvenli bir \u015fekilde ta\u015f\u0131ma hizmeti vermekteyiz.<br \/>Limanlar arac\u0131l\u0131\u011f\u0131yla d\u00fcnya genelinde mersin\u2019e gelen veya giden y\u00fckleri yak\u0131n ve uzak mesafelere firmam\u0131z h\u0131zl\u0131 ve verimli bir \u015fekilde ger\u00e7ekle\u015ftirmekte.<\/p>\t\t\t\t\t\t\t\t<\/div>\n\t\t\t\t<\/div>\n\t\t\t\t\t<\/div>\n\t\t\t\t<\/div>\n\t\t<div class=\"elementor-element elementor-element-14416f7 e-flex e-con-boxed e-con e-parent\" data-id=\"14416f7\" data-element_type=\"container\" data-e-type=\"container\">\n\t\t\t\t\t<div class=\"e-con-inner\">\n\t\t<div class=\"elementor-element elementor-element-ac3f34b e-con-full e-flex e-con e-child\" data-id=\"ac3f34b\" data-element_type=\"container\" data-e-type=\"container\">\n\t\t\t\t<div class=\"elementor-element elementor-element-82c8989 elementor-widget elementor-widget-image\" data-id=\"82c8989\" data-element_type=\"widget\" data-e-type=\"widget\" data-widget_type=\"image.default\">\n\t\t\t\t\t\t\t\t\t\t\t\t\t\t\t<img decoding=\"async\" width=\"656\" height=\"444\" src=\"https:\/\/denkarlojistik.com\/wp-content\/uploads\/2026\/04\/dnkr.dsgn03.jpg\" class=\"attachment-large size-large wp-image-78\" alt=\"\" srcset=\"https:\/\/denkarlojistik.com\/wp-content\/uploads\/2026\/04\/dnkr.dsgn03.jpg 656w, https:\/\/denkarlojistik.com\/wp-content\/uploads\/2026\/04\/dnkr.dsgn03-300x203.jpg 300w\" sizes=\"(max-width: 656px) 100vw, 656px\" \/>\t\t\t\t\t\t\t\t\t\t\t\t\t\t\t<\/div>\n\t\t\t\t<\/div>\n\t\t<div class=\"elementor-element elementor-element-5d3fa2e e-con-full e-flex e-con e-child\" data-id=\"5d3fa2e\" data-element_type=\"container\" data-e-type=\"container\">\n\t\t\t\t<div class=\"elementor-element elementor-element-18fc559 elementor-widget elementor-widget-text-editor\" data-id=\"18fc559\" data-element_type=\"widget\" data-e-type=\"widget\" data-widget_type=\"text-editor.default\">\n\t\t\t\t\t\t\t\t\t<h4 class=\"elementor-heading-title elementor-size-default\">D\u00f6kme Y\u00fck Ta\u015f\u0131mac\u0131l\u0131\u011f\u0131<\/h4><p>Mersin limanndan ithal \u2013 ihrac edilen d\u00f6kme y\u00fckler <span class=\"s4\">Tah\u0131llar, un, tuz, \u015feker, maden cevheri, k\u00f6m\u00fcr, kire\u00e7 ta\u015f\u0131 gibi kuru d\u00f6kme y\u00fcklerdir. D\u00f6kme y\u00fcklerin yak\u0131n ve uzak mesafedeki nakliye hizmetleri yapmaktay\u0131z.<\/span><\/p><p><span class=\"s4\">D\u00f6kme y\u00fck ta\u015f\u0131mac\u0131l\u0131\u011f\u0131n\u0131, tecr\u00fcbeli ekibimizle y\u00fcr\u00fct\u00fcyoruz. Ta\u015f\u0131nan \u00fcr\u00fcnlerinizde kay\u0131p, bozulma ve hasar\u0131 \u00f6nleyerek, yat\u0131r\u0131m ve \u00fcretiminizde olas\u0131 aksamalar\u0131n \u00f6n\u00fcne ge\u00e7iyoruz.<\/span><\/p>\t\t\t\t\t\t\t\t<\/div>\n\t\t\t\t<\/div>\n\t\t\t\t\t<\/div>\n\t\t\t\t<\/div>\n\t\t<div class=\"elementor-element elementor-element-e9886cb e-flex e-con-boxed e-con e-parent\" data-id=\"e9886cb\" data-element_type=\"container\" data-e-type=\"container\">\n\t\t\t\t\t<div class=\"e-con-inner\">\n\t\t<div class=\"elementor-element elementor-element-78c34ca e-con-full e-flex e-con e-child\" data-id=\"78c34ca\" data-element_type=\"container\" data-e-type=\"container\">\n\t\t\t\t<div class=\"elementor-element elementor-element-de2717f elementor-widget elementor-widget-image\" data-id=\"de2717f\" data-element_type=\"widget\" data-e-type=\"widget\" data-widget_type=\"image.default\">\n\t\t\t\t\t\t\t\t\t\t\t\t\t\t\t<img loading=\"lazy\" decoding=\"async\" width=\"800\" height=\"513\" src=\"https:\/\/denkarlojistik.com\/wp-content\/uploads\/2026\/04\/truck-oversize-1024x656.jpg\" class=\"attachment-large size-large wp-image-350\" alt=\"\" srcset=\"https:\/\/denkarlojistik.com\/wp-content\/uploads\/2026\/04\/truck-oversize-1024x656.jpg 1024w, https:\/\/denkarlojistik.com\/wp-content\/uploads\/2026\/04\/truck-oversize-300x192.jpg 300w, https:\/\/denkarlojistik.com\/wp-content\/uploads\/2026\/04\/truck-oversize-768x492.jpg 768w, https:\/\/denkarlojistik.com\/wp-content\/uploads\/2026\/04\/truck-oversize-1536x984.jpg 1536w, https:\/\/denkarlojistik.com\/wp-content\/uploads\/2026\/04\/truck-oversize.jpg 1609w\" sizes=\"(max-width: 800px) 100vw, 800px\" \/>\t\t\t\t\t\t\t\t\t\t\t\t\t\t\t<\/div>\n\t\t\t\t<\/div>\n\t\t<div class=\"elementor-element elementor-element-21e3aaf e-con-full e-flex e-con e-child\" data-id=\"21e3aaf\" data-element_type=\"container\" data-e-type=\"container\">\n\t\t\t\t<div class=\"elementor-element elementor-element-faf9126 elementor-widget elementor-widget-text-editor\" data-id=\"faf9126\" data-element_type=\"widget\" data-e-type=\"widget\" data-widget_type=\"text-editor.default\">\n\t\t\t\t\t\t\t\t\t<h4 class=\"elementor-heading-title elementor-size-default\">Proje Y\u00fck Ta\u015f\u0131mac\u0131l\u0131\u011f\u0131<\/h4><p>B\u00fcy\u00fck \u00f6l\u00e7ekli, a\u011f\u0131r veya hassas t\u00fcrdeki standart d\u0131\u015f\u0131 y\u00fcklerin ta\u015f\u0131nmas\u0131nda, bu alanda uzmanla\u015fm\u0131\u015f profesyonellerle fark yarat\u0131yoruz. B\u00fcy\u00fck ebatlarda a\u011f\u0131r y\u00fckler ger\u00e7ekle\u015ftirdi\u011fimiz kara yoluyla ta\u015f\u0131malarda bir\u00e7ok farkl\u0131 sekt\u00f6re hizmet verebiliyoruz.<\/p><p>Ta\u015f\u0131man\u0131n yap\u0131laca\u011f\u0131 g\u00fczerg\u00e2hlar\u0131n planlanmas\u0131yla y\u00fckleriniz zaman\u0131nda ve g\u00fcvenli teslimat ger\u00e7ekle\u015ftiriyoruz.<\/p>\t\t\t\t\t\t\t\t<\/div>\n\t\t\t\t<\/div>\n\t\t\t\t\t<\/div>\n\t\t\t\t<\/div>\n\t\t<div class=\"elementor-element elementor-element-3ebe0b53 e-flex e-con-boxed e-con e-parent\" data-id=\"3ebe0b53\" data-element_type=\"container\" data-e-type=\"container\" data-settings=\"{&quot;background_background&quot;:&quot;classic&quot;}\">\n\t\t\t\t\t<div class=\"e-con-inner\">\n\t\t<div class=\"elementor-element elementor-element-7849bd2e e-con-full e-flex e-con e-child\" data-id=\"7849bd2e\" data-element_type=\"container\" data-e-type=\"container\">\n\t\t\t\t<div class=\"elementor-element elementor-element-6a68a52e elementor-widget elementor-widget-text-editor\" data-id=\"6a68a52e\" data-element_type=\"widget\" data-e-type=\"widget\" data-widget_type=\"text-editor.default\">\n\t\t\t\t\t\t\t\t\t<p><a href=\"https:\/\/denkarlojistik.com\/?preview_id=14\"><img loading=\"lazy\" decoding=\"async\" class=\"alignnone size-medium wp-image-21\" src=\"https:\/\/denkarlojistik.com\/wp-content\/uploads\/2026\/04\/Denkar-LG-300x67.png\" alt=\"\" width=\"300\" height=\"67\" srcset=\"https:\/\/denkarlojistik.com\/wp-content\/uploads\/2026\/04\/Denkar-LG-300x67.png 300w, https:\/\/denkarlojistik.com\/wp-content\/uploads\/2026\/04\/Denkar-LG-768x171.png 768w, https:\/\/denkarlojistik.com\/wp-content\/uploads\/2026\/04\/Denkar-LG.png 773w\" sizes=\"(max-width: 300px) 100vw, 300px\" \/><\/a><\/p><p><img loading=\"lazy\" decoding=\"async\" class=\"alignnone size-full wp-image-100\" src=\"https:\/\/denkarlojistik.com\/wp-content\/uploads\/2026\/04\/konum36.png\" alt=\"\" width=\"12\" height=\"16\" \/> Adnan Kahveci Caddesi No:5 Adnan Menderes Mah. Akdeniz \/ Mersin<\/p><p><img loading=\"lazy\" decoding=\"async\" class=\"alignnone size-full wp-image-101\" src=\"https:\/\/denkarlojistik.com\/wp-content\/uploads\/2026\/04\/email1.png\" alt=\"\" width=\"18\" height=\"11\" \/>\u00a0info@denkarlojistik.com<\/p>\t\t\t\t\t\t\t\t<\/div>\n\t\t\t\t<\/div>\n\t\t<div class=\"elementor-element elementor-element-7a662df6 e-con-full e-flex e-con e-child\" data-id=\"7a662df6\" data-element_type=\"container\" data-e-type=\"container\">\n\t\t\t\t<div class=\"elementor-element elementor-element-2fa74760 elementor-widget elementor-widget-text-editor\" data-id=\"2fa74760\" data-element_type=\"widget\" data-e-type=\"widget\" data-widget_type=\"text-editor.default\">\n\t\t\t\t\t\t\t\t\t<p><a href=\"https:\/\/denkarlojistik.com\/\">Anasyfa<\/a><\/p><p><a href=\"https:\/\/denkarlojistik.com\/index.php\/hakkimizda\/?preview_id=26\">Hakk\u0131m\u0131zda<\/a><\/p><p><a href=\"https:\/\/denkarlojistik.com\/index.php\/hizmetlerimiz\/?preview_id=30\">Hizmetlerimiz<\/a><\/p><p>Referanslar<\/p><p><a href=\"https:\/\/denkarlojistik.com\/index.php\/iletisim\/?preview_id=145\">\u0130leti\u015fim<\/a><\/p>\t\t\t\t\t\t\t\t<\/div>\n\t\t\t\t<\/div>\n\t\t<div class=\"elementor-element elementor-element-2568582d e-con-full e-flex e-con e-child\" data-id=\"2568582d\" data-element_type=\"container\" data-e-type=\"container\">\n\t\t\t\t<div class=\"elementor-element elementor-element-4d7a319 elementor-widget elementor-widget-text-editor\" data-id=\"4d7a319\" data-element_type=\"widget\" data-e-type=\"widget\" data-widget_type=\"text-editor.default\">\n\t\t\t\t\t\t\t\t\t<p><img loading=\"lazy\" decoding=\"async\" class=\"alignnone size-medium wp-image-111\" src=\"https:\/\/denkarlojistik.com\/wp-content\/uploads\/2026\/04\/fcb33.png\" alt=\"\" width=\"35\" height=\"30\" \/>\u00a0 \u00a0 \u00a0 \u00a0<img loading=\"lazy\" decoding=\"async\" class=\"alignnone size-medium wp-image-112\" src=\"https:\/\/denkarlojistik.com\/wp-content\/uploads\/2026\/04\/inst33.png\" alt=\"\" width=\"35\" height=\"30\" \/>\u00a0 \u00a0 \u00a0 \u00a0 <img loading=\"lazy\" decoding=\"async\" class=\"alignnone size-medium wp-image-113\" src=\"https:\/\/denkarlojistik.com\/wp-content\/uploads\/2026\/04\/xx33.png\" alt=\"\" width=\"35\" height=\"30\" \/>\u00a0 \u00a0 \u00a0 \u00a0<a href=\"https:\/\/api.whatsapp.com\/send?phone=905442676735\"><img loading=\"lazy\" decoding=\"async\" class=\"alignnone size-full wp-image-402\" src=\"https:\/\/denkarlojistik.com\/wp-content\/uploads\/2026\/04\/wtsp33.png\" alt=\"\" width=\"35\" height=\"30\" \/><\/a><\/p>\t\t\t\t\t\t\t\t<\/div>\n\t\t\t\t<\/div>\n\t\t\t\t\t<\/div>\n\t\t\t\t<\/div>\n\t\t\t\t<\/div>\n\t\t","protected":false},"excerpt":{"rendered":"<p>Hizmetlerimiz Yurt \u0130\u00e7i Nakliye Hizmetleri Yurti\u00e7i Ta\u015f\u0131mac\u0131l\u0131k Hizmetleri her alan\u0131nda ba\u015far\u0131l\u0131 bir \u015fekilde faaliyetlerini s\u00fcrd\u00fcren Denkar Lojistik Olu\u015fum, m\u00fc\u015fteri istek ve taleplerine yak\u0131n ve uzak mesafelere en iyi \u015fekilde hizmet vermek i\u00e7in uzman ekibi ile \u00e7al\u0131\u015fmalar\u0131n\u0131 s\u00fcrd\u00fcr\u00fcyor. M\u00fc\u015fterilerin talep etti\u011fi noktadan y\u00fckler al\u0131narak, al\u0131c\u0131 noktalar\u0131na g\u00fcvenli bir \u015fekilde ula\u015ft\u0131r\u0131lmas\u0131 sa\u011flan\u0131r. \u00dclke s\u0131n\u0131rlar\u0131 i\u00e7erisinde ta\u015f\u0131nmas\u0131 gereken [&hellip;]<\/p>\n","protected":false},"author":1,"featured_media":0,"parent":0,"menu_order":0,"comment_status":"closed","ping_status":"closed","template":"elementor_header_footer","meta":{"footnotes":""},"class_list":["post-30","page","type-page","status-publish","hentry"],"_links":{"self":[{"href":"https:\/\/denkarlojistik.com\/index.php\/wp-json\/wp\/v2\/pages\/30","targetHints":{"allow":["GET"]}}],"collection":[{"href":"https:\/\/denkarlojistik.com\/index.php\/wp-json\/wp\/v2\/pages"}],"about":[{"href":"https:\/\/denkarlojistik.com\/index.php\/wp-json\/wp\/v2\/types\/page"}],"author":[{"embeddable":true,"href":"https:\/\/denkarlojistik.com\/index.php\/wp-json\/wp\/v2\/users\/1"}],"replies":[{"embeddable":true,"href":"https:\/\/denkarlojistik.com\/index.php\/wp-json\/wp\/v2\/comments?post=30"}],"version-history":[{"count":46,"href":"https:\/\/denkarlojistik.com\/index.php\/wp-json\/wp\/v2\/pages\/30\/revisions"}],"predecessor-version":[{"id":426,"href":"https:\/\/denkarlojistik.com\/index.php\/wp-json\/wp\/v2\/pages\/30\/revisions\/426"}],"wp:attachment":[{"href":"https:\/\/denkarlojistik.com\/index.php\/wp-json\/wp\/v2\/media?parent=30"}],"curies":[{"name":"wp","href":"https:\/\/api.w.org\/{rel}","templated":true}]}}